{"id":854,"date":"2024-02-20T22:08:40","date_gmt":"2024-02-20T21:08:40","guid":{"rendered":"https:\/\/embrace-kailua.com\/?page_id=854"},"modified":"2024-03-27T19:57:10","modified_gmt":"2024-03-27T18:57:10","slug":"impressum","status":"publish","type":"page","link":"https:\/\/embrace-kailua.com\/en\/impressum\/","title":{"rendered":"Impressum"},"content":{"rendered":"<div data-elementor-type=\"wp-page\" data-elementor-id=\"854\" class=\"elementor elementor-854\" data-elementor-post-type=\"page\">\n\t\t\t\t<div class=\"elementor-element elementor-element-1c6f3eb e-flex e-con-boxed e-con e-parent\" data-id=\"1c6f3eb\" data-element_type=\"container\" data-e-type=\"container\">\n\t\t\t\t\t<div class=\"e-con-inner\">\n\t\t\t\t<div class=\"elementor-element elementor-element-7108cb8 elementor-widget elementor-widget-text-editor\" data-id=\"7108cb8\" data-element_type=\"widget\" data-e-type=\"widget\" data-widget_type=\"text-editor.default\">\n\t\t\t\t<div class=\"elementor-widget-container\">\n\t\t\t\t\t\t\t\t\t<h1>Impressum<\/h1><p>Kailua GmbH<br \/>Vordere Hochstrasse 4<br \/>90522 Oberasbach<\/p><p><strong>Vertreten durch:<\/strong><br \/>Giulia G\u00f6ller<\/p><h2>Kontakt<\/h2><p>Telefon: +49 175 1120946<br \/>E-Mail: info@embrace-kailua.com<\/p><h2>Umsatzsteuer-ID<\/h2><p>Umsatzsteuer-Identifikationsnummer gem\u00e4\u00df \u00a7 27 a Umsatzsteuergesetz:<br \/>DE358523127<\/p><h2>EU-Streitschlichtung<\/h2><p>Die Europ\u00e4ische Kommission stellt eine Plattform zur Online-Streitbeilegung (OS) bereit: <a href=\"https:\/\/ec.europa.eu\/consumers\/odr\/\" target=\"_blank\" rel=\"noopener noreferrer\">https:\/\/ec.europa.eu\/consumers\/odr\/<\/a>.<br \/>Unsere E-Mail-Adresse finden Sie oben im Impressum.<\/p><h2>Verbraucher\u00adstreit\u00adbeilegung\/Universal\u00adschlichtungs\u00adstelle<\/h2><p>Wir sind nicht bereit oder verpflichtet, an Streitbeilegungsverfahren vor einer Verbraucherschlichtungsstelle teilzunehmen.<\/p>\t\t\t\t\t\t\t\t<\/div>\n\t\t\t\t<\/div>\n\t\t\t\t\t<\/div>\n\t\t\t\t<\/div>\n\t\t\t\t<\/div>","protected":false},"excerpt":{"rendered":"<p>Impressum Kailua GmbHVordere Hochstrasse 490522 Oberasbach Vertreten durch:Giulia G\u00f6ller Kontakt Telefon: +49 175 1120946E-Mail: info@embrace-kailua.com Umsatzsteuer-ID Umsatzsteuer-Identifikationsnummer gem\u00e4\u00df \u00a7 27 a Umsatzsteuergesetz:DE358523127 EU-Streitschlichtung Die Europ\u00e4ische Kommission stellt eine Plattform zur Online-Streitbeilegung (OS) bereit: https:\/\/ec.europa.eu\/consumers\/odr\/.Unsere E-Mail-Adresse finden Sie oben im Impressum. Verbraucher\u00adstreit\u00adbeilegung\/Universal\u00adschlichtungs\u00adstelle Wir sind nicht bereit oder verpflichtet, an Streitbeilegungsverfahren vor einer Verbraucherschlichtungsstelle teilzunehmen.<\/p>","protected":false},"author":1,"featured_media":0,"parent":0,"menu_order":0,"comment_status":"closed","ping_status":"closed","template":"","meta":{"_seopress_robots_primary_cat":"","_seopress_titles_title":"Impressum | KAILUA Coaching & Studio","_seopress_titles_desc":"KAILUA ist dein Ort f\u00fcr pers\u00f6nliches und berufliches Wachstum. Erlebe KAILUA hautnah online oder in unserem Studio in N\u00fcrnberg oder Berlin.","_seopress_robots_index":"","footnotes":""},"class_list":["post-854","page","type-page","status-publish","hentry"],"_links":{"self":[{"href":"https:\/\/embrace-kailua.com\/en\/wp-json\/wp\/v2\/pages\/854","targetHints":{"allow":["GET"]}}],"collection":[{"href":"https:\/\/embrace-kailua.com\/en\/wp-json\/wp\/v2\/pages"}],"about":[{"href":"https:\/\/embrace-kailua.com\/en\/wp-json\/wp\/v2\/types\/page"}],"author":[{"embeddable":true,"href":"https:\/\/embrace-kailua.com\/en\/wp-json\/wp\/v2\/users\/1"}],"replies":[{"embeddable":true,"href":"https:\/\/embrace-kailua.com\/en\/wp-json\/wp\/v2\/comments?post=854"}],"version-history":[{"count":10,"href":"https:\/\/embrace-kailua.com\/en\/wp-json\/wp\/v2\/pages\/854\/revisions"}],"predecessor-version":[{"id":2509,"href":"https:\/\/embrace-kailua.com\/en\/wp-json\/wp\/v2\/pages\/854\/revisions\/2509"}],"wp:attachment":[{"href":"https:\/\/embrace-kailua.com\/en\/wp-json\/wp\/v2\/media?parent=854"}],"curies":[{"name":"wp","href":"https:\/\/api.w.org\/{rel}","templated":true}]}}